{"id":89,"date":"2020-12-05T14:14:03","date_gmt":"2020-12-05T13:14:03","guid":{"rendered":"https:\/\/www.radio-vintage.com\/?page_id=89"},"modified":"2020-12-05T16:08:44","modified_gmt":"2020-12-05T15:08:44","slug":"qui-sommes-nous","status":"publish","type":"page","link":"https:\/\/www.radio-vintage.com\/?page_id=89","title":{"rendered":"Qui sommes nous"},"content":{"rendered":"\n<figure class=\"wp-block-image size-large\"><img loading=\"lazy\" decoding=\"async\" width=\"387\" height=\"177\" src=\"https:\/\/www.radio-vintage.com\/wp-content\/uploads\/2020\/12\/vintage2.jpg\" alt=\"\" class=\"wp-image-58\" srcset=\"https:\/\/www.radio-vintage.com\/wp-content\/uploads\/2020\/12\/vintage2.jpg 387w, https:\/\/www.radio-vintage.com\/wp-content\/uploads\/2020\/12\/vintage2-300x137.jpg 300w\" sizes=\"auto, (max-width: 387px) 100vw, 387px\" \/><figcaption>Qui sommes nous ?<\/figcaption><\/figure>\n\n\n\n<h2 class=\"wp-block-heading\">A PROPOS DE LA RADIO<\/h2>\n\n\n\n<p>N\u00e9e en 2008, VINTAGE est une radio associative dont le but est d&rsquo;\u00eatre 100% musicale et de faire d\u00e9couvrir les associations, les commer\u00e7ants et artisants de sa r\u00e9gion.Elle participe aussi \u00e0 divers manifestations tant musicales que caritatives et produit des \u00e9missions sur la sant\u00e9, l&rsquo;environnement, les nouvelles technologies et tant d&rsquo;autres&#8230;Partenaire \u00e9galement du salon du tatouage de Vesoul, de celui du Mariage et de la gastronomie.<\/p>\n","protected":false},"excerpt":{"rendered":"<p>A PROPOS DE LA RADIO N\u00e9e en 2008, VINTAGE est une radio associative dont le but est d&rsquo;\u00eatre 100% musicale<span class=\"read-more\">[&hellip;]<\/span><\/p>\n","protected":false},"author":1,"featured_media":0,"parent":0,"menu_order":0,"comment_status":"closed","ping_status":"closed","template":"","meta":{"footnotes":""},"class_list":["post-89","page","type-page","status-publish","hentry"],"_links":{"self":[{"href":"https:\/\/www.radio-vintage.com\/index.php?rest_route=\/wp\/v2\/pages\/89","targetHints":{"allow":["GET"]}}],"collection":[{"href":"https:\/\/www.radio-vintage.com\/index.php?rest_route=\/wp\/v2\/pages"}],"about":[{"href":"https:\/\/www.radio-vintage.com\/index.php?rest_route=\/wp\/v2\/types\/page"}],"author":[{"embeddable":true,"href":"https:\/\/www.radio-vintage.com\/index.php?rest_route=\/wp\/v2\/users\/1"}],"replies":[{"embeddable":true,"href":"https:\/\/www.radio-vintage.com\/index.php?rest_route=%2Fwp%2Fv2%2Fcomments&post=89"}],"version-history":[{"count":2,"href":"https:\/\/www.radio-vintage.com\/index.php?rest_route=\/wp\/v2\/pages\/89\/revisions"}],"predecessor-version":[{"id":161,"href":"https:\/\/www.radio-vintage.com\/index.php?rest_route=\/wp\/v2\/pages\/89\/revisions\/161"}],"wp:attachment":[{"href":"https:\/\/www.radio-vintage.com\/index.php?rest_route=%2Fwp%2Fv2%2Fmedia&parent=89"}],"curies":[{"name":"wp","href":"https:\/\/api.w.org\/{rel}","templated":true}]}}