{"id":844,"date":"2026-01-09T17:57:49","date_gmt":"2026-01-09T16:57:49","guid":{"rendered":"https:\/\/www.radio-vintage.com\/?page_id=844"},"modified":"2026-01-12T18:03:39","modified_gmt":"2026-01-12T17:03:39","slug":"1-peu-sur-vos-animateurs","status":"publish","type":"page","link":"https:\/\/www.radio-vintage.com\/?page_id=844","title":{"rendered":"1 PEU + SUR VOS ANIMATEURS !!!"},"content":{"rendered":"\n<p>DJ Jean-Mi ( ANGELOT Jean-Michel )<\/p>\n\n\n\n<figure class=\"wp-block-gallery has-nested-images columns-default is-cropped wp-block-gallery-1 is-layout-flex wp-block-gallery-is-layout-flex\">\n<figure class=\"wp-block-image size-large\"><img loading=\"lazy\" decoding=\"async\" width=\"683\" height=\"1024\" data-id=\"866\" src=\"https:\/\/www.radio-vintage.com\/wp-content\/uploads\/2026\/01\/jmi-r-vintage-683x1024.jpeg\" alt=\"\" class=\"wp-image-866\" srcset=\"https:\/\/www.radio-vintage.com\/wp-content\/uploads\/2026\/01\/jmi-r-vintage-683x1024.jpeg 683w, https:\/\/www.radio-vintage.com\/wp-content\/uploads\/2026\/01\/jmi-r-vintage-200x300.jpeg 200w, https:\/\/www.radio-vintage.com\/wp-content\/uploads\/2026\/01\/jmi-r-vintage-768x1152.jpeg 768w, https:\/\/www.radio-vintage.com\/wp-content\/uploads\/2026\/01\/jmi-r-vintage-1024x1536.jpeg 1024w, https:\/\/www.radio-vintage.com\/wp-content\/uploads\/2026\/01\/jmi-r-vintage-400x600.jpeg 400w, https:\/\/www.radio-vintage.com\/wp-content\/uploads\/2026\/01\/jmi-r-vintage.jpeg 1365w\" sizes=\"auto, (max-width: 683px) 100vw, 683px\" \/><\/figure>\n<\/figure>\n\n\n\n<p>DJ JEAN-MI !!!<\/p>\n\n\n\n<p>DJ JEAN-MI alias ANGELOT Jean-Michel est une des personnes incontournable de votre radio! en effet, avec lui , vous entendrez des sons que l on entend pratiquement plus aujourd&rsquo;hui! il r\u00e9alise son \u00e9mission MAX MIX tous les samedis des 21h! il est aussi voix-off ici et vers d autres cieux! il produit en collaboration avec St\u00e9phanie les publicit\u00e9s et surtout les jingles qui marquent tr\u00e8s certainement l identit\u00e9 de radio Vintage! Depuis son adolescence il SAMPLE \u00ab\u00a0\u00e9chantillonne \u00a0\u00bb des sons pour le + grand plaisir de vos oreilles! Dans les 90&rsquo;s il enregistrait sur k7 les minis medleys qui \u00e9taient diffus\u00e9s sur sky juste apr\u00e8s le top horaire! il se jura un jour de pouvoir faire de m\u00eame! Pour ce qui est des pubs audio , disons qu&rsquo; il a trouv\u00e9 \u00e9galement sa voie dans ce cr\u00e9neau. Il collectionne les m\u00e9gamixes pro ou amateur a partir du moment qu&rsquo; ils sont bien construits! Depuis peu il suit des cours de clavier avec notre \u00e9cole partenaire LA CAVE AUX SONS!!! il fait partie de l&rsquo;\u00e9quipe depuis 2016.<\/p>\n\n\n\n<p>contact site de la radio ou djjmi70@wanadoo.fr<\/p>\n\n\n\n<p>C&rsquo;est ca que vous aimez !!!<\/p>\n\n\n\n<p><\/p>\n\n\n\n<figure class=\"wp-block-audio\"><audio controls src=\"https:\/\/www.radio-vintage.com\/wp-content\/uploads\/2026\/01\/MEDLEY-80-01-2026.wav\"><\/audio><\/figure>\n\n\n\n<h2 class=\"wp-block-heading\">Etienne ( Etienne Le Mur Du Son )<\/h2>\n\n\n\n<figure class=\"wp-block-gallery has-nested-images columns-default is-cropped wp-block-gallery-2 is-layout-flex wp-block-gallery-is-layout-flex\">\n<figure class=\"wp-block-image size-large\"><img loading=\"lazy\" decoding=\"async\" width=\"1024\" height=\"768\" data-id=\"860\" src=\"https:\/\/www.radio-vintage.com\/wp-content\/uploads\/2026\/01\/a386f1db-e298-49ff-88e0-2c0105b1d7fe-1-1024x768.jpeg\" alt=\"\" class=\"wp-image-860\" srcset=\"https:\/\/www.radio-vintage.com\/wp-content\/uploads\/2026\/01\/a386f1db-e298-49ff-88e0-2c0105b1d7fe-1-1024x768.jpeg 1024w, https:\/\/www.radio-vintage.com\/wp-content\/uploads\/2026\/01\/a386f1db-e298-49ff-88e0-2c0105b1d7fe-1-300x225.jpeg 300w, https:\/\/www.radio-vintage.com\/wp-content\/uploads\/2026\/01\/a386f1db-e298-49ff-88e0-2c0105b1d7fe-1-768x576.jpeg 768w, https:\/\/www.radio-vintage.com\/wp-content\/uploads\/2026\/01\/a386f1db-e298-49ff-88e0-2c0105b1d7fe-1-400x300.jpeg 400w, https:\/\/www.radio-vintage.com\/wp-content\/uploads\/2026\/01\/a386f1db-e298-49ff-88e0-2c0105b1d7fe-1.jpeg 1536w\" sizes=\"auto, (max-width: 1024px) 100vw, 1024px\" \/><\/figure>\n<\/figure>\n\n\n\n<p>S&rsquo;il en est bien un qui fait trembler la Haute-Sa\u00f4ne tous les vendredis de 17h \u00e0 19h, c&rsquo;est \u00c9tienne du MUR DU SON. Ce jeune quinquag\u00e9naire berc\u00e9 depuis adolescent dans ce qui s&rsquo;appelait le hard rock, n&rsquo;a jamais d\u00e9rog\u00e9 \u00e0 la r\u00e8gle. Une seule ligne de conduite : \u00ab\u00a0Si c&rsquo;est trop fort, c&rsquo;est qu&rsquo; t&rsquo;es trop vieux !\u00a0\u00bb Tout commence quand il a 14 ans, un mercredi apr\u00e8s-midi, dans la chambre de son cousin qui poss\u00e8de une \u00e9norme cha\u00eene hi-fi et des 33 tours : Stray Cats, B\u00e9rurier Noir et&#8230; SCORPIONS. Love At First Sting, cette pochette tourne la t\u00eate du coll\u00e9gien qui se met \u00e0 acheter Hard Rock Magazine et \u00e0 \u00e9couter la nuit, Francis Z\u00e9gut, avec le Walkman Megabass Sony de sa communion. \u00c7a y est, il ne d\u00e9branchera plus jamais. Pourtant, le temps passe, le boulot, les enfants, la vie d&rsquo;adulte&#8230; et le metal jamais bien loin. Puis, en mars 2015, il rencontre Patrick, pr\u00e9sident de Radio Vintage, et lui propose de faire profiter les auditeurs de sa musique et de cette culture metal. \u00ab\u00a0Tu commences vendredi\u00a0\u00bb, l&rsquo;invite alors Pat. \u00ab\u00a0J\u00e9r\u00e9my s&rsquo;en va et tu as le cr\u00e9neau 17h30-18h30 qui deviendra un an plus tard 17h-19h.\u00a0\u00bb 395 \u00e9missions et des centaines d&rsquo;invit\u00e9s plus tard accueillis dans le studio de Radio Vintage, LE MUR DU SON rugit toujours tous les vendredis de 17h \u00e0 19h sur le 103.4 \u00e0 Vesoul. Et, d&rsquo;apr\u00e8s nos informations, ce ne serait pas pr\u00e8s de s&rsquo;arr\u00eater !<\/p>\n\n\n\n<h2 class=\"wp-block-heading\">St\u00e9phanie ( ABSCHEIDT St\u00e9phanie )<\/h2>\n\n\n\n<figure class=\"wp-block-gallery has-nested-images columns-default is-cropped wp-block-gallery-3 is-layout-flex wp-block-gallery-is-layout-flex\">\n<figure class=\"wp-block-image size-large\"><img loading=\"lazy\" decoding=\"async\" width=\"893\" height=\"1024\" data-id=\"870\" src=\"https:\/\/www.radio-vintage.com\/wp-content\/uploads\/2026\/01\/462564037_1783851949047994_5962206409904734409_n-893x1024.jpg\" alt=\"\" class=\"wp-image-870\" srcset=\"https:\/\/www.radio-vintage.com\/wp-content\/uploads\/2026\/01\/462564037_1783851949047994_5962206409904734409_n-893x1024.jpg 893w, https:\/\/www.radio-vintage.com\/wp-content\/uploads\/2026\/01\/462564037_1783851949047994_5962206409904734409_n-262x300.jpg 262w, https:\/\/www.radio-vintage.com\/wp-content\/uploads\/2026\/01\/462564037_1783851949047994_5962206409904734409_n-768x881.jpg 768w, https:\/\/www.radio-vintage.com\/wp-content\/uploads\/2026\/01\/462564037_1783851949047994_5962206409904734409_n-1340x1536.jpg 1340w, https:\/\/www.radio-vintage.com\/wp-content\/uploads\/2026\/01\/462564037_1783851949047994_5962206409904734409_n-400x459.jpg 400w, https:\/\/www.radio-vintage.com\/wp-content\/uploads\/2026\/01\/462564037_1783851949047994_5962206409904734409_n.jpg 1617w\" sizes=\"auto, (max-width: 893px) 100vw, 893px\" \/><\/figure>\n<\/figure>\n\n\n\n<p>St\u00e9phanie Abscheidt est une passionn\u00e9e de musique depuis toujours. D\u00e8s l\u2019enfance, elle \u00e9volue dans un univers artistique, passant des vacances paillet\u00e9es sur les plateaux t\u00e9l\u00e9vis\u00e9s \u00e0 Paris. Le son, la musique et l\u2019expression artistique deviennent tr\u00e8s t\u00f4t une \u00e9vidence pour elle. V\u00e9ritable touche-\u00e0-tout, elle d\u00e9veloppe un lien fort avec la voix. Dans sa jeunesse, elle participe \u00e0 un concours de chant au Galaxy d\u2019Amn\u00e9ville, o\u00f9 elle se produit devant une salle comble, une exp\u00e9rience marquante qui confirme son go\u00fbt pour la sc\u00e8ne. Par la suite, elle s\u2019affirme comme chanteuse au sein d\u2019un groupe de rock, mettant son \u00e9nergie et sa sensibilit\u00e9 au service de la musique live. Depuis deux ans, St\u00e9phanie vit une aventure qui lui tient particuli\u00e8rement \u00e0 c\u0153ur : sa collaboration avec l\u2019\u00e9quipe de Radio Vintage. Elle y officie comme voix off pour les publicit\u00e9s radio, aux c\u00f4t\u00e9s de Jean Mi, pr\u00eatant son timbre \u00e0 de nombreux projets. Aujourd\u2019hui, elle continue de faire vivre sa passion \u00e0 travers la voix. N\u2019h\u00e9sitez pas \u00e0 la contacter si vous recherchez une jolie voix f\u00e9minine pour un projet, quel qu\u2019il soit&#8230; <\/p>\n\n\n\n<p>stephanieabscheidt@gmail.com<\/p>\n\n\n\n<p><\/p>\n","protected":false},"excerpt":{"rendered":"<p>DJ Jean-Mi ( ANGELOT Jean-Michel ) DJ JEAN-MI !!! DJ JEAN-MI alias ANGELOT Jean-Michel est une des personnes incontournable de<span class=\"read-more\">[&hellip;]<\/span><\/p>\n","protected":false},"author":1,"featured_media":0,"parent":0,"menu_order":0,"comment_status":"closed","ping_status":"closed","template":"","meta":{"footnotes":""},"class_list":["post-844","page","type-page","status-publish","hentry"],"_links":{"self":[{"href":"https:\/\/www.radio-vintage.com\/index.php?rest_route=\/wp\/v2\/pages\/844","targetHints":{"allow":["GET"]}}],"collection":[{"href":"https:\/\/www.radio-vintage.com\/index.php?rest_route=\/wp\/v2\/pages"}],"about":[{"href":"https:\/\/www.radio-vintage.com\/index.php?rest_route=\/wp\/v2\/types\/page"}],"author":[{"embeddable":true,"href":"https:\/\/www.radio-vintage.com\/index.php?rest_route=\/wp\/v2\/users\/1"}],"replies":[{"embeddable":true,"href":"https:\/\/www.radio-vintage.com\/index.php?rest_route=%2Fwp%2Fv2%2Fcomments&post=844"}],"version-history":[{"count":20,"href":"https:\/\/www.radio-vintage.com\/index.php?rest_route=\/wp\/v2\/pages\/844\/revisions"}],"predecessor-version":[{"id":884,"href":"https:\/\/www.radio-vintage.com\/index.php?rest_route=\/wp\/v2\/pages\/844\/revisions\/884"}],"wp:attachment":[{"href":"https:\/\/www.radio-vintage.com\/index.php?rest_route=%2Fwp%2Fv2%2Fmedia&parent=844"}],"curies":[{"name":"wp","href":"https:\/\/api.w.org\/{rel}","templated":true}]}}